{"id":119,"date":"2022-02-10T14:27:20","date_gmt":"2022-02-10T05:27:20","guid":{"rendered":"https:\/\/www.yasda.co.jp\/ch\/?page_id=119"},"modified":"2022-03-10T12:02:55","modified_gmt":"2022-03-10T03:02:55","slug":"ybm10t","status":"publish","type":"page","link":"https:\/\/www.yasda.co.jp\/ch\/about-product\/products\/ybm10t\/","title":{"rendered":"YBM 10T"},"content":{"rendered":"\n<p>\u25a11000mm\u5de5\u4f5c\u53f0<br>\u517c\u5907\u4f18\u8d8a\u7684\u70ed\u7a33\u5b9a\u6027\u548c\u8010\u4e45\u6027\u7684\u5de5\u4f5c\u6bcd\u673a<\/p>\n\n\n\n<div class=\"wp-container-1 wp-block-group page-template__section-wrap\"><div class=\"wp-block-group__inner-container\">\n<section class=\"page-template__product-viewer\">\n<div class=\"product-viewer-col\">\n<div class=\"tab-content product-viewer-main-items\">\n<div id=\"front\" class=\"tab-pane active\"><img src=\"https:\/\/www.yasda.co.jp\/cp\/wp-content\/uploads\/10T_front.png\" class=\"alignnone wp-image-1204\" alt=\"\"><\/div>\n<div id=\"side1\" class=\"tab-pane\"><img src=\"https:\/\/www.yasda.co.jp\/cp\/wp-content\/uploads\/comingSoon.png\" class=\"img-fluid\" alt=\"\"><\/div>\n<div id=\"side2\" class=\"tab-pane\"><img src=\"https:\/\/www.yasda.co.jp\/cp\/wp-content\/uploads\/comingSoon.png\" class=\"img-fluid\" alt=\"\"><\/div>\n<div id=\"inside\" class=\"tab-pane\"><img src=\"https:\/\/www.yasda.co.jp\/cp\/wp-content\/uploads\/comingSoon.png\" class=\"img-fluid\" alt=\"\"><\/div>\n<\/div>\n<ul class=\"nav product-viewer-sub-items\">\n<li><a href=\"#front\" class=\"nav-link active\" data-toggle=\"tab\"> <img loading=\"lazy\" src=\"https:\/\/www.yasda.co.jp\/cp\/wp-content\/uploads\/10T_front-150x150.png\" width=\"150\" height=\"150\" class=\"alignnone wp-image-1204 size-thumbnail\" alt=\"\"> <\/a><\/li>\n<li><a href=\"#side1\" class=\"nav-link\" data-toggle=\"tab\"> <img loading=\"lazy\" src=\"https:\/\/www.yasda.co.jp\/cp\/wp-content\/uploads\/comingSoon-150x150.png\" width=\"150\" height=\"150\" class=\"alignnone wp-image-1211 size-thumbnail\" alt=\"\"> <\/a><\/li>\n<li><a href=\"#side2\" class=\"nav-link\" data-toggle=\"tab\"> <img loading=\"lazy\" src=\"https:\/\/www.yasda.co.jp\/cp\/wp-content\/uploads\/comingSoon-150x150.png\" width=\"150\" height=\"150\" class=\"alignnone wp-image-1211 size-thumbnail\" alt=\"\"> <\/a><\/li>\n<li><a href=\"#inside\" class=\"nav-link\" data-toggle=\"tab\"> <img loading=\"lazy\" src=\"https:\/\/www.yasda.co.jp\/cp\/wp-content\/uploads\/comingSoon-150x150.png\" width=\"150\" height=\"150\" class=\"alignnone wp-image-1211 size-thumbnail\" alt=\"\"> <\/a><\/li>\n<\/ul>\n<\/div>\n<\/section>\n<\/div><\/div>\n\n\n\n<div class=\"wp-container-2 wp-block-group page-template__section-wrap\"><div class=\"wp-block-group__inner-container\">\n<hr class=\"wp-block-separator has-text-color has-background is-style-wide\" style=\"background-color:#dee2e6;color:#dee2e6\"\/>\n\n\n\n<section class=\"page-template__machine-spec\">\n<div class=\"machine-spec-col\">\n<div class=\"machine-spec-title\">\u673a\u68b0\u89c4\u683c<\/div>\n<div class=\"machine-spec-icon\"><img src=\"https:\/\/www.yasda.co.jp\/cp\/wp-content\/uploads\/BT50.png\"> <img src=\"https:\/\/www.yasda.co.jp\/cp\/wp-content\/uploads\/4axis.png\"><\/div>\n<div class=\"machine-spec-table-wrap\">\n<table class=\"machine-spec-table\">\n<tbody>\n<tr>\n<th>\u79fb\u52a8\u91cf (X\/Y\/Z)<\/th>\n<td>1,500\/1,200\/1,100mm<\/td>\n<\/tr>\n<tr>\n<th>\u4e3b\u8f74\u65cb\u8f6c\u901f\u5ea6<\/th>\n<td>50\uff5e10,000min<sup>-1<\/sup><\/td>\n<\/tr>\n<tr>\n<th>\u4e3b\u8f74\u9525\u5b54\u5f62\u72b6<\/th>\n<td>MAS BT50<\/td>\n<\/tr>\n<tr>\n<th>ATC<\/th>\n<td>60\u628a<\/td>\n<\/tr>\n<tr>\n<th>APC<\/th>\n<td>\u6258\u76d82\u4e2a<\/td>\n<\/tr>\n<tr>\n<th>NC\u88c5\u7f6e<\/th>\n<td>FANUC 31i-B5 Plus<\/td>\n<\/tr>\n<\/tbody>\n<\/table>\n<\/div>\n<div class=\"machine-spec-image\">\n<div class=\"machine-spec-image-outline\">\n<div class=\"title\">\u5916\u5f62<\/div>\n<figure><img src=\"https:\/\/www.yasda.co.jp\/cp\/wp-content\/uploads\/outline_10T.png\">\n<figcaption><ul class=\"spec-caption\"><li>Unit[mm]<\/li><li>M\/C HEIGHT\uff08F.L.\uff09: 4125(Y=1200ST.\uff09<\/li><\/ul><\/figcaption>\n<\/figure>\n<\/div>\n<div class=\"machine-spec-image-work\">\n<div class=\"title\">\u5de5\u4ef6\u5c3a\u5bf8<\/div>\n<figure><img src=\"https:\/\/www.yasda.co.jp\/cp\/wp-content\/uploads\/work-10T.jpg\">\n<figcaption><ul class=\"spec-caption\"><li>Unit[mm]<\/li><\/ul><\/figcaption>\n<\/figure><\/div>\n<\/div>\n<\/div>\n<\/section>\n<\/div><\/div>\n\n\n\n<div class=\"wp-container-3 wp-block-group page-template__section-wrap\"><div class=\"wp-block-group__inner-container\">\n<hr class=\"wp-block-separator has-text-color has-background is-style-wide\" style=\"background-color:#dee2e6;color:#dee2e6\"\/>\n\n\n\n<section class=\"page-template__machine-opt\">\n<div class=\"machine-opt-col\">\n<div class=\"machine-opt-title\">\u4e3b\u8981\u9009\u9879<\/div>\n<div class=\"machine-opt-table-wrap\">\n<table class=\"machine-opt-table\">\n<tbody>\n<tr>\n<th rowspan=\"2\">\n<div class=\"d-inline-block\">\u9ad8\u626d\u77e9\u4e3b\u8f74<\/div>\n<div class=\"machine-spec-icon\"><img src=\"https:\/\/www.yasda.co.jp\/cp\/wp-content\/uploads\/BT50.png\"><\/div>\n<\/th>\n<td>\u4e3b\u8f74\u65cb\u8f6c\u901f\u5ea6<\/td>\n<td>60\uff5e6,000min<sup>-1<\/sup><\/td>\n<\/tr>\n<tr>\n<td>\u4e3b\u8f74\u9525\u5b54\u5f62\u72b6<\/td>\n<td>MAS BT50<\/td>\n<\/tr>\n<tr>\n<th rowspan=\"2\">\n<div class=\"d-inline-block\">\u9ad8\u901f\u4e3b\u8f74<\/div>\n<div class=\"machine-spec-icon\"><img src=\"https:\/\/www.yasda.co.jp\/cp\/wp-content\/uploads\/BT50.png\"><\/div>\n<\/th>\n<td>\u4e3b\u8f74\u65cb\u8f6c\u901f\u5ea6<\/td>\n<td>60\uff5e15,000min<sup>-1<\/sup><\/td>\n<\/tr>\n<tr>\n<td>\u4e3b\u8f74\u9525\u5b54\u5f62\u72b6<\/td>\n<td>MAS BT50<\/td>\n<\/tr>\n<tr>\n<th>\u884c\u7a0b\u4f38\u957f\uff08\u5408\u8ba1\uff09<\/th>\n<td><\/td>\n<td>X2,100\u30fbY1,400\u30fbZ1,400mm<\/td>\n<\/tr>\n<tr>\n<th>APC<\/th>\n<td><\/td>\n<td>5PLS<\/td>\n<\/tr>\n<tr>\n<th>ATC\u8ffd\u52a0<\/th>\n<td><\/td>\n<td>90\u628a\u30fb120\u628a\uff5e450\u628a<\/td>\n<\/tr>\n<\/tbody>\n<\/table>\n<\/div>\n<\/div>\n<\/section>\n<\/div><\/div>\n\n\n\n<div class=\"wp-container-4 wp-block-group page-template__section-wrap\"><div class=\"wp-block-group__inner-container\">\n<hr class=\"wp-block-separator is-style-wide\"\/>\n\n\n\n<section class=\"page-template__product-work-viewer\">\n<div class=\"product-viewer-col\">\n<div class=\"product-viewer-title\">\u56fe\u7247\u548c\u89c6\u9891<\/div>\n<div class=\"tab-content product-viewer-main-items\">\n<div id=\"photo1\" class=\"tab-pane active\"><img src=\"https:\/\/www.yasda.co.jp\/cp\/wp-content\/uploads\/10T-1.jpg\" class=\"alignnone wp-image-1204\" alt=\"\"><\/div>\n<div id=\"photo2\" class=\"tab-pane\"><img src=\"https:\/\/www.yasda.co.jp\/cp\/wp-content\/uploads\/comingSoon.png\" class=\"img-fluid\" alt=\"\"><\/div>\n<div id=\"photo3\" class=\"tab-pane\"><img src=\"https:\/\/www.yasda.co.jp\/cp\/wp-content\/uploads\/comingSoon.png\" class=\"img-fluid\" alt=\"\"><\/div>\n<div id=\"photo4\" class=\"tab-pane\"><img src=\"https:\/\/www.yasda.co.jp\/cp\/wp-content\/uploads\/comingSoon.png\" class=\"img-fluid\" alt=\"\"><\/div>\n<\/div>\n<ul class=\"nav product-viewer-sub-items\">\n<li><a href=\"#photo1\" class=\"nav-link active\" data-toggle=\"tab\"> <img loading=\"lazy\" src=\"https:\/\/www.yasda.co.jp\/cp\/wp-content\/uploads\/10T-1-150x150.jpg\" width=\"150\" height=\"150\" class=\"alignnone wp-image-1204 size-thumbnail\" alt=\"\"> <\/a><\/li>\n<li><a href=\"#photo2\" class=\"nav-link\" data-toggle=\"tab\"> <img loading=\"lazy\" src=\"https:\/\/www.yasda.co.jp\/cp\/wp-content\/uploads\/comingSoon-150x150.png\" width=\"150\" height=\"150\" class=\"alignnone wp-image-1211 size-thumbnail\" alt=\"\"> <\/a><\/li>\n<li><a href=\"#photo3\" class=\"nav-link\" data-toggle=\"tab\"> <img loading=\"lazy\" src=\"https:\/\/www.yasda.co.jp\/cp\/wp-content\/uploads\/comingSoon-150x150.png\" width=\"150\" height=\"150\" class=\"alignnone wp-image-1211 size-thumbnail\" alt=\"\"> <\/a><\/li>\n<li><a href=\"#photo4\" class=\"nav-link\" data-toggle=\"tab\"> <img loading=\"lazy\" src=\"https:\/\/www.yasda.co.jp\/cp\/wp-content\/uploads\/comingSoon-150x150.png\" width=\"150\" height=\"150\" class=\"alignnone wp-image-1211 size-thumbnail\" alt=\"\"> <\/a><\/li>\n<\/ul>\n<\/div>\n<\/section>\n<\/div><\/div>\n\n\n\n<div class=\"page-template__section-wrap\">\n<section class=\"page-template__machine-catalog\">\n<div class=\"col-12\">\n<div class=\"machine-catalog-dl\"><a href=\"https:\/\/www.yasda.co.jp\/ch\/contact\/catalog-inquiry\/\" class=\"btn-machine-catalog-dl\">\u70b9\u51fb\u8fd9\u91cc\u7d22\u53d6\u4ea7\u54c1\u76ee\u5f55<\/a><\/div>\n<\/div>\n<\/section>\n<\/div>\n\n\n\n<div class=\"wp-container-5 wp-block-group page-template__section-wrap\"><div class=\"wp-block-group__inner-container\">\n<p class=\"same-series-title\">\u7c7b\u4f3c\u4ea7\u54c1<\/p>\n\n\n\n<div class=\"page-template__product-serise\"><!-- START --><p><\/p>\n<div class=\"product-col\">\n<div><a id=\"YBM15T\"><\/a><\/div>\n<div class=\"product-box\">\n<div class=\"product-body\">\n<div class=\"product-img\"><img src=\"https:\/\/www.yasda.co.jp\/cp\/wp-content\/uploads\/products-YBM15T.png\" alt=\"\"><\/div>\n<div class=\"work-img\">\n<div class=\"work-title\">\u5de5\u4ef6\u5c3a\u5bf8<\/div>\n<div><img src=\"https:\/\/www.yasda.co.jp\/cp\/wp-content\/uploads\/work-15T.jpg\"><\/div>\n<\/div>\n<div class=\"work-text\">\n<dl>\n<dt>\u79fb\u52a8\u91cfX\u30fbY\u30fbZ<\/dt>\n<dd>2,100\u00d71,800\u00d71,500\u00d7(W)300mm<\/dd>\n<dt>\u5de5\u4f5c\u53f0\u4f5c\u4e1a\u9762\u5927\u5c0f<\/dt>\n<dd>1,500\u00d71,500mm<\/dd>\n<\/dl>\n<\/div>\n<\/div>\n<div class=\"card-footer\"><a href=\"https:\/\/www.yasda.co.jp\/ch\/products\/ybm15t\/\">YBM 15T<\/a><\/div>\n<\/div>\n<\/div>\n<div class=\"product-col\">\n<div><a id=\"YBM8T\"><\/a><\/div>\n<div class=\"product-box\">\n<div class=\"product-body\">\n<div class=\"product-img\"><img src=\"https:\/\/www.yasda.co.jp\/cp\/wp-content\/uploads\/products-YBM8T.png\" alt=\"\"><\/div>\n<div class=\"work-img\">\n<div class=\"work-title\">\u5de5\u4ef6\u5c3a\u5bf8<\/div>\n<div><img src=\"https:\/\/www.yasda.co.jp\/cp\/wp-content\/uploads\/work-8T.jpg\">\n<\/div>\n<\/div>\n<div class=\"work-text\">\n<dl>\n<dt>\u79fb\u52a8\u91cfX\u30fbY\u30fbZ<\/dt>\n<dd>1,300\u00d71,000\u00d71,100mm<\/dd>\n<dt>\u5de5\u4f5c\u53f0\u4f5c\u4e1a\u9762\u5927\u5c0f<\/dt>\n<dd>800\u00d7800mm<\/dd>\n<\/dl>\n<\/div>\n<\/div>\n<div class=\"card-footer\"><a href=\"https:\/\/www.yasda.co.jp\/ch\/products\/ybm8t\/\">YBM 8T<\/a><\/div>\n<\/div>\n<\/div>\n<\/div>\n<\/div><\/div>\n","protected":false},"excerpt":{"rendered":"\u25a11000mm\u5de5\u4f5c\u53f0\u517c\u5907\u4f18\u8d8a\u7684\u70ed\u7a33\u5b9a\u6027\u548c\u8010\u4e45\u6027\u7684\u5de5\u4f5c\u6bcd\u673a \u673a\u68b0\u89c4\u683c \u79fb\u52a8\u91cf (X\/Y\/Z) 1,500\/1,2 [&hellip;]","protected":false},"author":2,"featured_media":0,"parent":30,"menu_order":103,"comment_status":"closed","ping_status":"closed","template":"page-twocolumn-product.php","meta":{"advgb_blocks_editor_width":"","advgb_blocks_columns_visual_guide":"","_links_to":"","_links_to_target":""},"yoast_head":"<!-- This site is optimized with the Yoast SEO plugin v18.4.1 - https:\/\/yoast.com\/wordpress\/plugins\/seo\/ -->\n<title>YBM 10T - \u5b89\u7530\u5de5\u4e1a\u682a\u5f0f\u4f1a\u793e<\/title>\n<meta name=\"robots\" content=\"index, follow, max-snippet:-1, max-image-preview:large, max-video-preview:-1\" \/>\n<link rel=\"canonical\" href=\"https:\/\/www.yasda.co.jp\/ch\/about-product\/products\/ybm10t\/\" \/>\n<meta property=\"og:locale\" content=\"zh_CN\" \/>\n<meta property=\"og:type\" content=\"article\" \/>\n<meta property=\"og:title\" content=\"YBM 10T - \u5b89\u7530\u5de5\u4e1a\u682a\u5f0f\u4f1a\u793e\" \/>\n<meta property=\"og:description\" content=\"\u25a11000mm\u5de5\u4f5c\u53f0\u517c\u5907\u4f18\u8d8a\u7684\u70ed\u7a33\u5b9a\u6027\u548c\u8010\u4e45\u6027\u7684\u5de5\u4f5c\u6bcd\u673a \u673a\u68b0\u89c4\u683c \u79fb\u52a8\u91cf (X\/Y\/Z) 1,500\/1,2 [&hellip;]\" \/>\n<meta property=\"og:url\" content=\"https:\/\/www.yasda.co.jp\/ch\/about-product\/products\/ybm10t\/\" \/>\n<meta property=\"og:site_name\" content=\"\u5b89\u7530\u5de5\u4e1a\u682a\u5f0f\u4f1a\u793e\" \/>\n<meta property=\"article:modified_time\" content=\"2022-03-10T03:02:55+00:00\" \/>\n<meta property=\"og:image\" content=\"https:\/\/www.yasda.co.jp\/cp\/wp-content\/uploads\/10T_front.png\" \/>\n<meta name=\"twitter:card\" content=\"summary_large_image\" \/>\n<meta name=\"twitter:label1\" content=\"\u9884\u8ba1\u9605\u8bfb\u65f6\u95f4\" \/>\n\t<meta name=\"twitter:data1\" content=\"6\u5206\" \/>\n<script type=\"application\/ld+json\" class=\"yoast-schema-graph\">{\"@context\":\"https:\/\/schema.org\",\"@graph\":[{\"@type\":\"WebSite\",\"@id\":\"https:\/\/www.yasda.co.jp\/ch\/#website\",\"url\":\"https:\/\/www.yasda.co.jp\/ch\/\",\"name\":\"\u5b89\u7530\u5de5\u4e1a\u682a\u5f0f\u4f1a\u793e\",\"description\":\"Aiming for the best, not the biggest.\",\"potentialAction\":[{\"@type\":\"SearchAction\",\"target\":{\"@type\":\"EntryPoint\",\"urlTemplate\":\"https:\/\/www.yasda.co.jp\/ch\/?s={search_term_string}\"},\"query-input\":\"required name=search_term_string\"}],\"inLanguage\":\"zh-CN\"},{\"@type\":\"ImageObject\",\"@id\":\"https:\/\/www.yasda.co.jp\/ch\/about-product\/products\/ybm10t\/#primaryimage\",\"inLanguage\":\"zh-CN\",\"url\":\"https:\/\/www.yasda.co.jp\/cp\/wp-content\/uploads\/10T_front.png\",\"contentUrl\":\"https:\/\/www.yasda.co.jp\/cp\/wp-content\/uploads\/10T_front.png\"},{\"@type\":\"WebPage\",\"@id\":\"https:\/\/www.yasda.co.jp\/ch\/about-product\/products\/ybm10t\/#webpage\",\"url\":\"https:\/\/www.yasda.co.jp\/ch\/about-product\/products\/ybm10t\/\",\"name\":\"YBM 10T - \u5b89\u7530\u5de5\u4e1a\u682a\u5f0f\u4f1a\u793e\",\"isPartOf\":{\"@id\":\"https:\/\/www.yasda.co.jp\/ch\/#website\"},\"primaryImageOfPage\":{\"@id\":\"https:\/\/www.yasda.co.jp\/ch\/about-product\/products\/ybm10t\/#primaryimage\"},\"datePublished\":\"2022-02-10T05:27:20+00:00\",\"dateModified\":\"2022-03-10T03:02:55+00:00\",\"breadcrumb\":{\"@id\":\"https:\/\/www.yasda.co.jp\/ch\/about-product\/products\/ybm10t\/#breadcrumb\"},\"inLanguage\":\"zh-CN\",\"potentialAction\":[{\"@type\":\"ReadAction\",\"target\":[\"https:\/\/www.yasda.co.jp\/ch\/about-product\/products\/ybm10t\/\"]}]},{\"@type\":\"BreadcrumbList\",\"@id\":\"https:\/\/www.yasda.co.jp\/ch\/about-product\/products\/ybm10t\/#breadcrumb\",\"itemListElement\":[{\"@type\":\"ListItem\",\"position\":1,\"name\":\"\u30db\u30fc\u30e0\",\"item\":\"https:\/\/www.yasda.co.jp\/ch\/\"},{\"@type\":\"ListItem\",\"position\":2,\"name\":\"\u5173\u4e8e\u4ea7\u54c1\",\"item\":\"https:\/\/www.yasda.co.jp\/ch\/about-product\/\"},{\"@type\":\"ListItem\",\"position\":3,\"name\":\"\u4ea7\u54c1\u4fe1\u606f\",\"item\":\"https:\/\/www.yasda.co.jp\/ch\/about-product\/products\/\"},{\"@type\":\"ListItem\",\"position\":4,\"name\":\"YBM 10T\"}]}]}<\/script>\n<!-- \/ Yoast SEO plugin. -->","yoast_head_json":{"title":"YBM 10T - \u5b89\u7530\u5de5\u4e1a\u682a\u5f0f\u4f1a\u793e","robots":{"index":"index","follow":"follow","max-snippet":"max-snippet:-1","max-image-preview":"max-image-preview:large","max-video-preview":"max-video-preview:-1"},"canonical":"https:\/\/www.yasda.co.jp\/ch\/about-product\/products\/ybm10t\/","og_locale":"zh_CN","og_type":"article","og_title":"YBM 10T - \u5b89\u7530\u5de5\u4e1a\u682a\u5f0f\u4f1a\u793e","og_description":"\u25a11000mm\u5de5\u4f5c\u53f0\u517c\u5907\u4f18\u8d8a\u7684\u70ed\u7a33\u5b9a\u6027\u548c\u8010\u4e45\u6027\u7684\u5de5\u4f5c\u6bcd\u673a \u673a\u68b0\u89c4\u683c \u79fb\u52a8\u91cf (X\/Y\/Z) 1,500\/1,2 [&hellip;]","og_url":"https:\/\/www.yasda.co.jp\/ch\/about-product\/products\/ybm10t\/","og_site_name":"\u5b89\u7530\u5de5\u4e1a\u682a\u5f0f\u4f1a\u793e","article_modified_time":"2022-03-10T03:02:55+00:00","og_image":[{"url":"https:\/\/www.yasda.co.jp\/cp\/wp-content\/uploads\/10T_front.png"}],"twitter_card":"summary_large_image","twitter_misc":{"\u9884\u8ba1\u9605\u8bfb\u65f6\u95f4":"6\u5206"},"schema":{"@context":"https:\/\/schema.org","@graph":[{"@type":"WebSite","@id":"https:\/\/www.yasda.co.jp\/ch\/#website","url":"https:\/\/www.yasda.co.jp\/ch\/","name":"\u5b89\u7530\u5de5\u4e1a\u682a\u5f0f\u4f1a\u793e","description":"Aiming for the best, not the biggest.","potentialAction":[{"@type":"SearchAction","target":{"@type":"EntryPoint","urlTemplate":"https:\/\/www.yasda.co.jp\/ch\/?s={search_term_string}"},"query-input":"required name=search_term_string"}],"inLanguage":"zh-CN"},{"@type":"ImageObject","@id":"https:\/\/www.yasda.co.jp\/ch\/about-product\/products\/ybm10t\/#primaryimage","inLanguage":"zh-CN","url":"https:\/\/www.yasda.co.jp\/cp\/wp-content\/uploads\/10T_front.png","contentUrl":"https:\/\/www.yasda.co.jp\/cp\/wp-content\/uploads\/10T_front.png"},{"@type":"WebPage","@id":"https:\/\/www.yasda.co.jp\/ch\/about-product\/products\/ybm10t\/#webpage","url":"https:\/\/www.yasda.co.jp\/ch\/about-product\/products\/ybm10t\/","name":"YBM 10T - \u5b89\u7530\u5de5\u4e1a\u682a\u5f0f\u4f1a\u793e","isPartOf":{"@id":"https:\/\/www.yasda.co.jp\/ch\/#website"},"primaryImageOfPage":{"@id":"https:\/\/www.yasda.co.jp\/ch\/about-product\/products\/ybm10t\/#primaryimage"},"datePublished":"2022-02-10T05:27:20+00:00","dateModified":"2022-03-10T03:02:55+00:00","breadcrumb":{"@id":"https:\/\/www.yasda.co.jp\/ch\/about-product\/products\/ybm10t\/#breadcrumb"},"inLanguage":"zh-CN","potentialAction":[{"@type":"ReadAction","target":["https:\/\/www.yasda.co.jp\/ch\/about-product\/products\/ybm10t\/"]}]},{"@type":"BreadcrumbList","@id":"https:\/\/www.yasda.co.jp\/ch\/about-product\/products\/ybm10t\/#breadcrumb","itemListElement":[{"@type":"ListItem","position":1,"name":"\u30db\u30fc\u30e0","item":"https:\/\/www.yasda.co.jp\/ch\/"},{"@type":"ListItem","position":2,"name":"\u5173\u4e8e\u4ea7\u54c1","item":"https:\/\/www.yasda.co.jp\/ch\/about-product\/"},{"@type":"ListItem","position":3,"name":"\u4ea7\u54c1\u4fe1\u606f","item":"https:\/\/www.yasda.co.jp\/ch\/about-product\/products\/"},{"@type":"ListItem","position":4,"name":"YBM 10T"}]}]}},"uagb_featured_image_src":{"full":false,"thumbnail":false,"medium":false,"medium_large":false,"large":false,"1536x1536":false,"2048x2048":false,"thumbnail_cardsize":false,"\u30ae\u30e3\u30e9\u30ea\u30fc\u30b5\u30a4\u30ba":false,"\u30a2\u30a4\u30ad\u30e3\u30c3\u30c1\u30b5\u30a4\u30ba":false,"post-thumbnail":false},"uagb_author_info":{"display_name":"konan","author_link":"https:\/\/www.yasda.co.jp\/ch\/blog\/author\/konan\/"},"uagb_comment_info":0,"uagb_excerpt":"\u25a11000mm\u5de5\u4f5c\u53f0\u517c\u5907\u4f18\u8d8a\u7684\u70ed\u7a33\u5b9a\u6027\u548c\u8010\u4e45\u6027\u7684\u5de5\u4f5c\u6bcd\u673a \u673a\u68b0\u89c4\u683c \u79fb\u52a8\u91cf (X\/Y\/Z) 1,500\/1,2&hellip;","coauthors":[],"author_meta":{"author_link":"https:\/\/www.yasda.co.jp\/ch\/blog\/author\/konan\/","display_name":"konan"},"relative_dates":{"created":"Posted 4\u5e74 ago","modified":"Updated 4\u5e74 ago"},"absolute_dates":{"created":"Posted on 2022\u5e742\u670810\u65e5","modified":"Updated on 2022\u5e743\u670810\u65e5"},"absolute_dates_time":{"created":"Posted on 2022\u5e742\u670810\u65e5 2:27 \u4e0b\u5348","modified":"Updated on 2022\u5e743\u670810\u65e5 12:02 \u4e0b\u5348"},"featured_img_caption":"","featured_img":false,"series_order":"","_links":{"self":[{"href":"https:\/\/www.yasda.co.jp\/ch\/wp-json\/wp\/v2\/pages\/119"}],"collection":[{"href":"https:\/\/www.yasda.co.jp\/ch\/wp-json\/wp\/v2\/pages"}],"about":[{"href":"https:\/\/www.yasda.co.jp\/ch\/wp-json\/wp\/v2\/types\/page"}],"author":[{"embeddable":true,"href":"https:\/\/www.yasda.co.jp\/ch\/wp-json\/wp\/v2\/users\/2"}],"replies":[{"embeddable":true,"href":"https:\/\/www.yasda.co.jp\/ch\/wp-json\/wp\/v2\/comments?post=119"}],"version-history":[{"count":0,"href":"https:\/\/www.yasda.co.jp\/ch\/wp-json\/wp\/v2\/pages\/119\/revisions"}],"up":[{"embeddable":true,"href":"https:\/\/www.yasda.co.jp\/ch\/wp-json\/wp\/v2\/pages\/30"}],"wp:attachment":[{"href":"https:\/\/www.yasda.co.jp\/ch\/wp-json\/wp\/v2\/media?parent=119"}],"curies":[{"name":"wp","href":"https:\/\/api.w.org\/{rel}","templated":true}]}}